{"id":2966,"date":"2025-11-12T10:41:17","date_gmt":"2025-11-12T10:41:17","guid":{"rendered":"https:\/\/michelmeute.de\/?page_id=2966"},"modified":"2025-12-19T11:18:34","modified_gmt":"2025-12-19T11:18:34","slug":"impressum","status":"publish","type":"page","link":"https:\/\/michelmeute.de\/en\/impressum\/","title":{"rendered":"Impressum"},"content":{"rendered":"<hr class=\"wp-block-separator has-alpha-channel-opacity\"\/>\n\n\n\n<p><strong>MICHEL MEUTE UG (haftungsbeschr\u00e4nkt)<\/strong><br>Anberg 6<br>20459 Hamburg<br>Deutschland<\/p>\n\n\n\n<p><strong>Vertreten durch den Gesch\u00e4ftsf\u00fchrer:<\/strong><br>Robert Quitsch<br>Felix Rind<\/p>\n\n\n\n<p><strong>Kontakt:<\/strong><br>Telefon: 04087963091<br>E-Mail: <a href=\"mailto:team@michelmeute.de\">team@michelmeute.de<\/a><\/p>\n\n\n\n<p><strong>Registereintrag:<\/strong><br>Eingetragen im Handelsregister.<br>Registergericht: Amtsgericht Hamburg<br>Registernummer: HRB 195380<\/p>\n\n\n\n<p><strong>Umsatzsteuer-Identifikationsnummer gem\u00e4\u00df \u00a7 27 a UStG:<\/strong><br>DE458766569<br><\/p>\n\n\n\n<hr class=\"wp-block-separator has-alpha-channel-opacity\"\/>","protected":false},"excerpt":{"rendered":"<p>MICHEL MEUTE UG (haftungsbeschr\u00e4nkt)Anberg 620459 HamburgDeutschland Vertreten durch den Gesch\u00e4ftsf\u00fchrer:Robert QuitschFelix Rind Kontakt:Telefon: 04087963091E-Mail: team@michelmeute.de Registereintrag:Eingetragen im Handelsregister.Registergericht: Amtsgericht HamburgRegisternummer: HRB 195380 Umsatzsteuer-Identifikationsnummer gem\u00e4\u00df \u00a7 27 a UStG:DE458766569<\/p>","protected":false},"author":1,"featured_media":0,"parent":0,"menu_order":0,"comment_status":"closed","ping_status":"closed","template":"","meta":{"footnotes":""},"class_list":["post-2966","page","type-page","status-publish","hentry"],"_links":{"self":[{"href":"https:\/\/michelmeute.de\/en\/wp-json\/wp\/v2\/pages\/2966","targetHints":{"allow":["GET"]}}],"collection":[{"href":"https:\/\/michelmeute.de\/en\/wp-json\/wp\/v2\/pages"}],"about":[{"href":"https:\/\/michelmeute.de\/en\/wp-json\/wp\/v2\/types\/page"}],"author":[{"embeddable":true,"href":"https:\/\/michelmeute.de\/en\/wp-json\/wp\/v2\/users\/1"}],"replies":[{"embeddable":true,"href":"https:\/\/michelmeute.de\/en\/wp-json\/wp\/v2\/comments?post=2966"}],"version-history":[{"count":5,"href":"https:\/\/michelmeute.de\/en\/wp-json\/wp\/v2\/pages\/2966\/revisions"}],"predecessor-version":[{"id":3559,"href":"https:\/\/michelmeute.de\/en\/wp-json\/wp\/v2\/pages\/2966\/revisions\/3559"}],"wp:attachment":[{"href":"https:\/\/michelmeute.de\/en\/wp-json\/wp\/v2\/media?parent=2966"}],"curies":[{"name":"wp","href":"https:\/\/api.w.org\/{rel}","templated":true}]}}